{"id":387,"date":"2026-02-25T13:51:46","date_gmt":"2026-02-25T11:51:46","guid":{"rendered":"https:\/\/lumria.com\/?page_id=387"},"modified":"2026-02-25T18:39:51","modified_gmt":"2026-02-25T16:39:51","slug":"tietosuojaseloste","status":"publish","type":"page","link":"https:\/\/lumria.com\/en\/tietosuojaseloste\/","title":{"rendered":"Privacy Policy"},"content":{"rendered":"<h2 class=\"wp-block-heading\">Data Controller<\/h2>\n\n\n\n<p>Lumria<br>Business ID: 3207329\u20138<br>Tuureporinkatu 19<br>20100 Turku Finland<\/p>\n\n\n\n<p>Lumria \/ Mira Penttil\u00e4<br>Sairashuoneenkatu 7 a 1<br>20100 Turku Finland<br>bylumria@gmail.com<br>+3584578745192<\/p>\n\n\n\n<h2 class=\"wp-block-heading\">Data Subjects<\/h2>\n\n\n\n<p>The register includes customers who have contacted us and potential customers.<\/p>\n\n\n\n<h2 class=\"wp-block-heading\">Purpose of Processing Personal Data<\/h2>\n\n\n\n<p>The personal data in the register is used only for predefined purposes, which are as follows:<\/p>\n\n\n\n<ul class=\"wp-block-list\">\n<li>Managing customer relationships<\/li>\n<\/ul>\n\n\n\n<h2 class=\"wp-block-heading\">Personal Data Stored in the Register<\/h2>\n\n\n\n<p>The customer register contains the following information:<\/p>\n\n\n\n<ul class=\"wp-block-list\">\n<li>Name<\/li>\n\n\n\n<li>Email address<\/li>\n\n\n\n<li>Phone number<\/li>\n\n\n\n<li>Address (if the order is delivered by post)<\/li>\n\n\n\n<li>Information about purchased products\/services<\/li>\n<\/ul>\n\n\n\n<h2 class=\"wp-block-heading\">Rights of the Data Subject<\/h2>\n\n\n\n<p>Requests concerning the exercise of the following rights must be sent to: bylumria@gmail.com<\/p>\n\n\n\n<p><strong>Right of Access<\/strong><br>The data subject has the right to check the personal data we have stored about them.<\/p>\n\n\n\n<p><strong>Right to Rectification<br><\/strong>The data subject has the right to request correction of inaccurate or incomplete data concerning them.<\/p>\n\n\n\n<p><strong>Right to Object<br><\/strong>The data subject has the right to object to the processing of personal data if they believe the data has been processed unlawfully.<\/p>\n\n\n\n<p><strong>Right to Prohibit Direct Marketing<br><\/strong>The data subject has the right to prohibit the use of their data for direct marketing purposes.<\/p>\n\n\n\n<p><strong>Right to Erasure<br><\/strong>The data subject has the right to request the deletion of their data if the processing of the data is no longer necessary. We will process the deletion request and either delete the data or provide a justified reason why the data cannot be deleted.<\/p>\n\n\n\n<p>Please note that the data controller may have a statutory or other legal right not to delete the requested data. The data controller is obligated to retain accounting materials for the period specified in the Accounting Act (Chapter 2, Section 10), which is 10 years. Therefore, accounting-related materials cannot be deleted before the retention period has expired.<\/p>\n\n\n\n<p><strong>Withdrawal of Consent<br><\/strong>If the processing of personal data concerning the data subject is based solely on consent and not, for example, on a customer relationship or membership, the data subject may withdraw their consent.<\/p>\n\n\n\n<p><strong>Right to Restriction of Processing<\/strong><br>The data subject has the right to request that we restrict the processing of disputed data until the matter is resolved.<\/p>\n\n\n\n<p><strong>Right to Lodge a Complaint<\/strong><br>The data subject has the right to lodge a complaint if they believe that we are violating applicable data protection legislation when processing personal data.<\/p>\n\n\n\n<h2 class=\"wp-block-heading\">Regular Sources of Information<\/h2>\n\n\n\n<p>Customer data is regularly obtained:<\/p>\n\n\n\n<ul class=\"wp-block-list\">\n<li>From the customer when the customer relationship is established<\/li>\n\n\n\n<li>From the customer via an online form<\/li>\n\n\n\n<li>From the customer via email or telephone contact<\/li>\n<\/ul>\n\n\n\n<h2 class=\"wp-block-heading\">Regular Disclosures of Data<\/h2>\n\n\n\n<p>Data is not disclosed outside the company for marketing purposes.<br>However, data may be used, for example, for postal deliveries, in which case information is transferred to the shipping company.<\/p>\n\n\n\n<h2 class=\"wp-block-heading\">Data Retention Period<\/h2>\n\n\n\n<p>Data is generally processed and stored for as long as the customer relationship is valid.\n\nFor complaint purposes, work orders and the related contact details are stored for 6 months.<\/p>\n\n\n\n<p>For custom-made orders, data and patterns are stored for 12 months.<\/p>\n\n\n\n<h2 class=\"wp-block-heading\">Processors of Personal Data<\/h2>\n\n\n\n<p>Personal data and the customer register are processed by the data controller and their employees.<\/p>\n\n\n\n<h2 class=\"wp-block-heading\">Transfer of Data Outside the EU<\/h2>\n\n\n\n<p>Data is not transferred outside the European Union or the European Economic Area.<\/p>\n\n\n\n<h2 class=\"wp-block-heading\">Automated Decision-Making and Profiling<\/h2>\n\n\n\n<p>We do not use personal data for automated decision-making or profiling.<\/p>\n\n\n\n<p><\/p>","protected":false},"excerpt":{"rendered":"<p>Rekisterinpit\u00e4j\u00e4 Lumriay-tunnus 3207329\u20138Tuureporinkatu 1920100 Turku Lumria \/ Mira Penttil\u00e4Sairashuoneenkatu 7 a 120100 Turkubylumria@gmail.com045\u201378745192 Rekister\u00f6idyt Rekisteriss\u00e4 ovat meihin yhteytt\u00e4 ottaneet asiakkaat sek\u00e4 potentiaaliset asiakkaat Henkil\u00f6tietojen k\u00e4ytt\u00f6tarkoitus Rekisterin henkil\u00f6tietoja k\u00e4ytet\u00e4\u00e4n vain ennalta m\u00e4\u00e4riteltyihin tarkoituksiin, jotka ovat seuraavat: Rekisteriin tallennettavat henkil\u00f6tiedot Asiakasrekisteri sis\u00e4lt\u00e4\u00e4 seuraavat tiedot: Rekister\u00f6idyn oikeudet Rekister\u00f6idyll\u00e4 on seuraavat oikeudet, joiden k\u00e4ytt\u00e4mist\u00e4 koskevat pyynn\u00f6t tulee tehd\u00e4 osoitteeseen [&hellip;]<\/p>\n","protected":false},"author":1,"featured_media":0,"parent":0,"menu_order":0,"comment_status":"closed","ping_status":"closed","template":"","meta":{"_acf_changed":false,"footnotes":""},"class_list":["post-387","page","type-page","status-publish","hentry"],"acf":[],"_links":{"self":[{"href":"https:\/\/lumria.com\/en\/wp-json\/wp\/v2\/pages\/387","targetHints":{"allow":["GET"]}}],"collection":[{"href":"https:\/\/lumria.com\/en\/wp-json\/wp\/v2\/pages"}],"about":[{"href":"https:\/\/lumria.com\/en\/wp-json\/wp\/v2\/types\/page"}],"author":[{"embeddable":true,"href":"https:\/\/lumria.com\/en\/wp-json\/wp\/v2\/users\/1"}],"replies":[{"embeddable":true,"href":"https:\/\/lumria.com\/en\/wp-json\/wp\/v2\/comments?post=387"}],"version-history":[{"count":6,"href":"https:\/\/lumria.com\/en\/wp-json\/wp\/v2\/pages\/387\/revisions"}],"predecessor-version":[{"id":397,"href":"https:\/\/lumria.com\/en\/wp-json\/wp\/v2\/pages\/387\/revisions\/397"}],"wp:attachment":[{"href":"https:\/\/lumria.com\/en\/wp-json\/wp\/v2\/media?parent=387"}],"curies":[{"name":"wp","href":"https:\/\/api.w.org\/{rel}","templated":true}]}}